{"id":51674,"date":"2025-07-09T08:10:07","date_gmt":"2025-07-09T06:10:07","guid":{"rendered":"https:\/\/xfp5095.phpnet.org\/wordpress\/wordpress\/?page_id=51674"},"modified":"2026-04-01T10:06:14","modified_gmt":"2026-04-01T08:06:14","slug":"hieroglyphes-25-26-niv-1","status":"publish","type":"page","link":"https:\/\/xfp5095.phpnet.org\/wordpress\/wordpress\/hieroglyphes-25-26-niv-1\/","title":{"rendered":"Hi\u00e9roglyphes 25-26 Nofret"},"content":{"rendered":"<table style=\"border-collapse: collapse; width: 100%;\">\n<tbody>\n<tr>\n<td style=\"width: 100%; border-style: double; border-color: #4738c9;\">\n<p style=\"padding-left: 30px; text-align: center;\"><img loading=\"lazy\" decoding=\"async\" class=\" wp-image-11985 alignleft\" src=\"https:\/\/xfp5095.phpnet.org\/wordpress\/wordpress\/wp-content\/uploads\/2021\/03\/Nfrt.jpg\" alt=\"\" width=\"145\" height=\"126\" \/><\/p>\n<p style=\"text-align: center;\"><span style=\"font-size: 32px;\"><span style=\"color: #3366ff;\"><strong><span class=\"\"><b class=\"\">Promotion Nofret<\/b><\/span><\/strong><\/span>.<\/span><strong><em><br \/>\nNfr.t<\/em>, \u00ab\u00a0la bonne\u00a0\u00bb, \u00ab\u00a0la parfaite\u00a0\u00bb. La traduction \u00ab\u00a0belle\u00a0\u00bb doit \u00eatre r\u00e9serv\u00e9e au terme\u00a0<em>\u02bfn<\/em>.<br \/>\n<\/strong><span style=\"font-size: 12px;\">[1] H.\u00a0Ranke,\u00a0<em>PN\u00a0<\/em>I, 201,\u00a010. C\u2019est un nom qui est attest\u00e9 au moins \u00e0 partir du d\u00e9but de la IV<sup>e<\/sup>\u00a0dynastie, Nofret \u00e9tant l\u2019\u00e9pouse de R\u00e2hotep, fils de Sn\u00e9frou. IL est tr\u00e8s courant et sert souvent de diminutif.<br \/>\n<\/span><\/p>\n<p style=\"text-align: center;\"><span style=\"font-size: 12px;\"><span style=\"background-color: #ffffff; color: #3366ff;\"><strong>les cours\u00a0 \u00a0sont ax\u00e9s su<\/strong><strong style=\"font-family: inherit; background-color: #ffffff;\">r la reconnaissance des hi\u00e9roglyphes et une initiation \u00e0 la traduction<br \/>\n<strong>La r\u00e9f\u00e9rence est la m\u00e9thode Grandet, Mathieu, CEH, 2003,<br \/>\n<\/strong><\/strong><\/span><span style=\"color: #3366ff; background-color: #ffffff;\"><strong>En principe les<span style=\"font-size: 16px;\"> samedi matin de 9 h 30\u00a0 \u00e0 12 h 30<\/span><\/strong><\/span><\/span><\/p>\n<\/td>\n<\/tr>\n<\/tbody>\n<\/table>\n<p style=\"padding-left: 40px;\"><div class=\"pt-cv-wrapper\"><div class=\"pt-cv-view pt-cv-grid pt-cv-colsys\" id=\"pt-cv-view-597d869l5v\"><div data-id=\"pt-cv-page-1\" class=\"pt-cv-page cv-npf\" data-cvc=\"1\"><div class=\"col-md-12 col-sm-6 col-xs-12 pt-cv-content-item pt-cv-1-col\" ><div class='pt-cv-ifield'><div class=\"pt-cv-no-post\">Aucun article trouv\u00e9.<\/div><\/div><\/div><\/div><\/div><\/div>\n<p style=\"text-align: center;\"><b>Pour \u00eatre averti de<br \/>\n<\/b><b>parutions d\u2019articles sur les cours de Hi\u00e9roglyphes niveau\u00a0 1<br \/>\n<span style=\"font-size: 20px;\">Abonnez vous<\/span><br \/>\n<a class=\"maxbutton-3 maxbutton\" href=\"https:\/\/xfp5095.phpnet.org\/wordpress\/wordpress\/2020\/03\/15\/abonnement-aux-parutions-darticles-hieroglyphes-niveau-1\/\"><span class='mb-text'>Abonnement articles Hi\u00e9roglyphes<\/span><\/a>\n<\/b><\/p>\n<p style=\"padding-left: 30px; text-align: center;\"><span style=\"font-size: 28px; color: #3366ff;\"><strong>Calendrier pr\u00e9visionnel<br \/>\n<b class=\"\"> <\/b><\/strong><\/span><b class=\"\"><\/b><\/p>\n<table style=\"height: 39px; width: 100%; border-collapse: collapse; border-color: #2880bf; border-style: double;\">\n<tbody>\n<tr style=\"height: 22px;\">\n<td style=\"width: 20%; height: 22px; text-align: center; border-color: #2984c4; border-style: double;\"><span style=\"color: #0000ff;\"><strong><span style=\"font-size: 16px;\">session1<\/span><\/strong><\/span><\/td>\n<td style=\"width: 20.8801%; height: 22px; text-align: center; border-color: #2984c4; border-style: double;\"><span style=\"color: #0000ff;\"><strong><span style=\"font-size: 16px;\">session2<\/span><\/strong><\/span><\/td>\n<td style=\"width: 19.1199%; height: 22px; text-align: center; border-color: #2984c4; border-style: double;\"><span style=\"color: #0000ff;\"><strong><span style=\"font-size: 16px;\">session3<\/span><\/strong><\/span><\/td>\n<td style=\"width: 20%; height: 22px; text-align: center; border-color: #2984c4; border-style: double;\"><span style=\"color: #0000ff;\"><strong><span style=\"font-size: 16px;\">session4<\/span><\/strong><\/span><\/td>\n<td style=\"width: 20%; height: 22px; text-align: center; border-color: #2984c4; border-style: double;\"><span style=\"color: #0000ff;\"><strong><span style=\"font-size: 16px;\">session5<\/span><\/strong><\/span><\/td>\n<\/tr>\n<tr style=\"height: 17px;\">\n<td style=\"width: 20%; height: 17px; text-align: center; border-color: #2984c4; border-style: double;\"><strong>20\/09<\/strong><\/p>\n<p><strong>27\/09<\/strong><\/p>\n<p><strong>02\/10(PM)<\/strong><\/p>\n<p><strong>11\/10 <\/strong><\/td>\n<td style=\"width: 20.8801%; height: 17px; text-align: center; border-color: #2984c4; border-style: double;\"><span style=\"color: #000000;\"><strong>10\/01<\/strong><\/span><\/p>\n<p><span style=\"color: #000000;\"><strong>24\/01<\/strong><\/span><\/p>\n<p><span style=\"color: #000000;\"><strong>07\/02<\/strong><\/span><\/p>\n<p><span style=\"color: #000000;\"><strong>07\/03<\/strong><\/span><\/td>\n<td style=\"width: 19.1199%; height: 17px; text-align: center; border-color: #2984c4; border-style: double;\"><span style=\"color: #000000;\"><strong>19\/03 PM<\/strong><\/span><\/p>\n<p><span style=\"color: #000000;\"><strong>28\/03<\/strong><\/span><\/p>\n<p><span style=\"color: #ff0000;\"><strong style=\"font-family: inherit; font-size: inherit;\">18\/04<\/strong><\/span><\/p>\n<p><span style=\"color: #ff0000;\"><strong style=\"font-family: inherit; font-size: inherit;\">02\/05<\/strong><\/span><\/td>\n<td style=\"width: 20%; height: 17px; text-align: center; border-color: #2984c4; border-style: double;\"><span style=\"color: #ff0000;\"><strong>09\/05<\/strong><\/span><\/p>\n<p><span style=\"color: #ff0000;\"><strong> 30\/05<\/strong><\/span><\/p>\n<p><span style=\"color: #ff0000;\"><strong style=\"font-family: inherit; font-size: inherit;\">06\/06<\/strong><\/span><\/p>\n<p><span style=\"color: #ff0000;\"><strong style=\"font-family: inherit; font-size: inherit;\">\u00a0<\/strong><\/span><strong style=\"font-family: inherit; font-size: inherit; color: #ff0000;\"><strong style=\"font-family: inherit; font-size: inherit;\">11\/06 (PM)<\/strong><\/strong><\/td>\n<td style=\"width: 20%; height: 17px; text-align: center; border-color: #2984c4; border-style: double;\"><span style=\"color: #ff0000;\"><strong>20\/06<\/strong><\/span><\/p>\n<p><span style=\"color: #ff0000;\"><strong>26\/06 PM<\/strong><\/span><\/p>\n<p><span style=\"color: #ff0000;\"><strong>04\/07<\/strong><\/span><\/td>\n<\/tr>\n<\/tbody>\n<\/table>\n<p>&nbsp;<\/p>\n<p style=\"padding-left: 30px;\">Les documents mis \u00e0 disposition des abonn\u00e9s \u00e0 ces cours ne sont accessibles ci apr\u00e8s qu\u2019aux membres ayant r\u00e9gl\u00e9 leur inscription &#8211; Ils sont tri\u00e9s par session<\/p>\n<p><span style=\"color: #3366ff;\"><strong>Session 1<\/strong><\/span><br \/>\n\n<p>&nbsp;<\/p>\n<p><span style=\"color: #3366ff;\"><strong>Session 2<\/strong><\/span><br \/>\n\n<p>&nbsp;<\/p>\n<p><span style=\"color: #3366ff;\"><strong>Session 3<\/strong><\/span><br \/>\n\n<p>&nbsp;<\/p>\n<p><span style=\"color: #3366ff;\"><strong>Session 4<\/strong><\/span><br \/>\n\n<p>&nbsp;<\/p>\n<p><strong><span style=\"color: #3366ff;\">Session 5<\/span><\/strong><br \/>\n\n<p><span style=\"color: #993366;\"><b style=\"color: #993366;\">Rappel :\u00a0 toutes les documentations\u00a0 quelque soit leur forme (audio-vid\u00e9o, num\u00e9riques ou\u00a0 imprim\u00e9es) des cours dispens\u00e9s sur Kemetmaa rel\u00e8vent de la <\/b><b>propri\u00e9t\u00e9<\/b><b style=\"color: #993366;\"> intellectuelle exclusive de leurs auteurs et ne peuvent \u00eatre diffus\u00e9s ou reproduites sans leur consentement explicite (article 11.1, 112.1, 112.2, 113.9, 121.2, 121.7122.1 \u00e0 112.3 du code p\u00e9nal- voir la pr\u00e9sentation : <a href=\"https:\/\/xfp5095.phpnet.org\/wordpress\/wordpress\/wp-content\/uploads\/2021\/02\/propriete-intellectuelle.pdf\">propri\u00e9t\u00e9 intellectuelle<\/a>).<\/b><\/span><\/p>\n<p>D\u00e9sol\u00e9, mais si les informations et documentations de cette page ne vous sont pas accessibles , la raison peut en \u00eatre que\u00a0 vous ne soyez\u00a0 pas inscrit(e)\u00a0 aux\u00a0 cours de hi\u00e9roglyphes de ce niveau et\/ou de cette session<\/p>\n<p>&nbsp;<\/p>\n","protected":false},"excerpt":{"rendered":"<p>Promotion Nofret. Nfr.t, \u00ab\u00a0la bonne\u00a0\u00bb, \u00ab\u00a0la parfaite\u00a0\u00bb. La traduction \u00ab\u00a0belle\u00a0\u00bb doit \u00eatre r\u00e9serv\u00e9e au terme\u00a0\u02bfn. [1] H.\u00a0Ranke,\u00a0PN\u00a0I, 201,\u00a010. C\u2019est un<\/p>\n","protected":false},"author":1,"featured_media":0,"parent":0,"menu_order":0,"comment_status":"closed","ping_status":"closed","template":"","meta":{"colormag_page_container_layout":"default_layout","colormag_page_sidebar_layout":"default_layout","_crdt_document":"","advgb_blocks_editor_width":"","advgb_blocks_columns_visual_guide":"","footnotes":""},"class_list":["post-51674","page","type-page","status-publish","hentry"],"coauthors":[],"author_meta":{"author_link":"https:\/\/xfp5095.phpnet.org\/wordpress\/wordpress\/author\/tusseaugilbert\/","display_name":"Tusseau-Webmestre Gilbert"},"relative_dates":{"created":"Posted 10 mois ago","modified":"Updated 4 semaines ago"},"absolute_dates":{"created":"Posted on 9 juillet 2025","modified":"Updated on 1 avril 2026"},"absolute_dates_time":{"created":"Posted on 9 juillet 2025 8 h 10 min","modified":"Updated on 1 avril 2026 10 h 06 min"},"featured_img_caption":"","featured_img":false,"series_order":"","post_mailing_queue_ids":[],"_links":{"self":[{"href":"https:\/\/xfp5095.phpnet.org\/wordpress\/wordpress\/wp-json\/wp\/v2\/pages\/51674","targetHints":{"allow":["GET"]}}],"collection":[{"href":"https:\/\/xfp5095.phpnet.org\/wordpress\/wordpress\/wp-json\/wp\/v2\/pages"}],"about":[{"href":"https:\/\/xfp5095.phpnet.org\/wordpress\/wordpress\/wp-json\/wp\/v2\/types\/page"}],"author":[{"embeddable":true,"href":"https:\/\/xfp5095.phpnet.org\/wordpress\/wordpress\/wp-json\/wp\/v2\/users\/1"}],"replies":[{"embeddable":true,"href":"https:\/\/xfp5095.phpnet.org\/wordpress\/wordpress\/wp-json\/wp\/v2\/comments?post=51674"}],"version-history":[{"count":13,"href":"https:\/\/xfp5095.phpnet.org\/wordpress\/wordpress\/wp-json\/wp\/v2\/pages\/51674\/revisions"}],"predecessor-version":[{"id":55776,"href":"https:\/\/xfp5095.phpnet.org\/wordpress\/wordpress\/wp-json\/wp\/v2\/pages\/51674\/revisions\/55776"}],"wp:attachment":[{"href":"https:\/\/xfp5095.phpnet.org\/wordpress\/wordpress\/wp-json\/wp\/v2\/media?parent=51674"}],"curies":[{"name":"wp","href":"https:\/\/api.w.org\/{rel}","templated":true}]}}